{"id":1250,"date":"2023-01-12T09:57:05","date_gmt":"2023-01-12T13:57:05","guid":{"rendered":"https:\/\/urielcavzla.com\/?post_type=product&#038;p=1250"},"modified":"2023-08-02T17:55:49","modified_gmt":"2023-08-02T21:55:49","slug":"chocolate-perugina-oscuro-70-baci","status":"publish","type":"product","link":"https:\/\/urielcavzla.com\/index.php\/product\/chocolate-perugina-oscuro-70-baci\/","title":{"rendered":"Chocolate Perugina Oscuro 70 Baci"},"content":{"rendered":"<div class=\"woocommerce-tabs wc-tabs-wrapper\">\n<div id=\"tab-description\" class=\"woocommerce-Tabs-panel woocommerce-Tabs-panel--description panel entry-content wc-tab\" role=\"tabpanel\" aria-labelledby=\"tab-title-description\">\n<p>Chocolate Baci, elaborados seg\u00fan la tradici\u00f3n italiana, chocolate oscuro con un 70% de concentraci\u00f3n de cacao.<\/p>\n<\/div>\n<\/div>\n","protected":false},"excerpt":{"rendered":"<p>Chocolate Baci, elaborados seg\u00fan la tradici\u00f3n italiana, chocolate oscuro con un 70% de concentraci\u00f3n de cacao.<\/p>\n","protected":false},"featured_media":1878,"comment_status":"open","ping_status":"closed","template":"","meta":{"_eb_attr":"","om_disable_all_campaigns":false,"_uag_custom_page_level_css":"","_monsterinsights_skip_tracking":false,"_monsterinsights_sitenote_active":false,"_monsterinsights_sitenote_note":"","_monsterinsights_sitenote_category":0,"_uf_show_specific_survey":0,"_uf_disable_surveys":false,"site-sidebar-layout":"default","site-content-layout":"default","ast-site-content-layout":"default","site-content-style":"default","site-sidebar-style":"default","ast-global-header-display":"","ast-banner-title-visibility":"","ast-main-header-display":"","ast-hfb-above-header-display":"","ast-hfb-below-header-display":"","ast-hfb-mobile-header-display":"","site-post-title":"","ast-breadcrumbs-content":"","ast-featured-img":"","footer-sml-layout":"","ast-disable-related-posts":"","theme-transparent-header-meta":"default","adv-header-id-meta":"","stick-header-meta":"","header-above-stick-meta":"","header-main-stick-meta":"","header-below-stick-meta":"","astra-migrate-meta-layouts":"default","ast-page-background-enabled":"default","ast-page-background-meta":{"desktop":{"background-color":"","background-image":"","background-repeat":"repeat","background-position":"center center","background-size":"auto","background-attachment":"scroll","background-type":"","background-media":"","overlay-type":"","overlay-color":"","overlay-opacity":"","overlay-gradient":""},"tablet":{"background-color":"","background-image":"","background-repeat":"repeat","background-position":"center center","background-size":"auto","background-attachment":"scroll","background-type":"","background-media":"","overlay-type":"","overlay-color":"","overlay-opacity":"","overlay-gradient":""},"mobile":{"background-color":"","background-image":"","background-repeat":"repeat","background-position":"center center","background-size":"auto","background-attachment":"scroll","background-type":"","background-media":"","overlay-type":"","overlay-color":"","overlay-opacity":"","overlay-gradient":""}},"ast-content-background-meta":{"desktop":{"background-color":"var(--ast-global-color-5)","background-image":"","background-repeat":"repeat","background-position":"center center","background-size":"auto","background-attachment":"scroll","background-type":"","background-media":"","overlay-type":"","overlay-color":"","overlay-opacity":"","overlay-gradient":""},"tablet":{"background-color":"var(--ast-global-color-5)","background-image":"","background-repeat":"repeat","background-position":"center center","background-size":"auto","background-attachment":"scroll","background-type":"","background-media":"","overlay-type":"","overlay-color":"","overlay-opacity":"","overlay-gradient":""},"mobile":{"background-color":"var(--ast-global-color-5)","background-image":"","background-repeat":"repeat","background-position":"center center","background-size":"auto","background-attachment":"scroll","background-type":"","background-media":"","overlay-type":"","overlay-color":"","overlay-opacity":"","overlay-gradient":""}}},"product_brand":[],"product_cat":[28,308],"product_tag":[309,59,293],"class_list":{"0":"post-1250","1":"product","2":"type-product","3":"status-publish","4":"has-post-thumbnail","6":"product_cat-chocolate","7":"product_cat-bombones-baci","8":"product_tag-baci","9":"product_tag-chocolate","10":"product_tag-oscuro","11":"desktop-align-left","12":"tablet-align-left","13":"mobile-align-left","15":"first","16":"outofstock","17":"shipping-taxable","18":"product-type-simple"},"aioseo_notices":[],"uagb_featured_image_src":{"full":["https:\/\/urielcavzla.com\/wp-content\/uploads\/2023\/01\/oscuro-70.jpg",2250,2250,false],"thumbnail":["https:\/\/urielcavzla.com\/wp-content\/uploads\/2023\/01\/oscuro-70-150x150.jpg",150,150,true],"medium":["https:\/\/urielcavzla.com\/wp-content\/uploads\/2023\/01\/oscuro-70-300x300.jpg",300,300,true],"medium_large":["https:\/\/urielcavzla.com\/wp-content\/uploads\/2023\/01\/oscuro-70-768x768.jpg",768,768,true],"large":["https:\/\/urielcavzla.com\/wp-content\/uploads\/2023\/01\/oscuro-70-1024x1024.jpg",1024,1024,true],"1536x1536":["https:\/\/urielcavzla.com\/wp-content\/uploads\/2023\/01\/oscuro-70-1536x1536.jpg",1536,1536,true],"2048x2048":["https:\/\/urielcavzla.com\/wp-content\/uploads\/2023\/01\/oscuro-70-2048x2048.jpg",2048,2048,true],"_nx_notification_thumb_100_100":["https:\/\/urielcavzla.com\/wp-content\/uploads\/2023\/01\/oscuro-70.jpg",100,100,false],"_nx_notification_thumb_200_200":["https:\/\/urielcavzla.com\/wp-content\/uploads\/2023\/01\/oscuro-70.jpg",200,200,false],"_nx_notification_thumb_300_300":["https:\/\/urielcavzla.com\/wp-content\/uploads\/2023\/01\/oscuro-70.jpg",300,300,false],"_nx_notification_thumb_400_400":["https:\/\/urielcavzla.com\/wp-content\/uploads\/2023\/01\/oscuro-70.jpg",400,400,false],"_nx_notification_thumb_500_500":["https:\/\/urielcavzla.com\/wp-content\/uploads\/2023\/01\/oscuro-70.jpg",500,500,false],"woocommerce_thumbnail":["https:\/\/urielcavzla.com\/wp-content\/uploads\/2023\/01\/oscuro-70-300x300.jpg",300,300,true],"woocommerce_single":["https:\/\/urielcavzla.com\/wp-content\/uploads\/2023\/01\/oscuro-70-600x600.jpg",600,600,true],"woocommerce_gallery_thumbnail":["https:\/\/urielcavzla.com\/wp-content\/uploads\/2023\/01\/oscuro-70-100x100.jpg",100,100,true],"dgwt-wcas-product-suggestion":["https:\/\/urielcavzla.com\/wp-content\/uploads\/2023\/01\/oscuro-70.jpg",64,64,false]},"uagb_author_info":{"display_name":"josue campos","author_link":"https:\/\/urielcavzla.com\/index.php\/author\/"},"uagb_comment_info":0,"uagb_excerpt":"Chocolate Baci, elaborados seg\u00fan la tradici\u00f3n italiana, chocolate oscuro con un 70% de concentraci\u00f3n de cacao.","_links":{"self":[{"href":"https:\/\/urielcavzla.com\/index.php\/wp-json\/wp\/v2\/product\/1250","targetHints":{"allow":["GET"]}}],"collection":[{"href":"https:\/\/urielcavzla.com\/index.php\/wp-json\/wp\/v2\/product"}],"about":[{"href":"https:\/\/urielcavzla.com\/index.php\/wp-json\/wp\/v2\/types\/product"}],"replies":[{"embeddable":true,"href":"https:\/\/urielcavzla.com\/index.php\/wp-json\/wp\/v2\/comments?post=1250"}],"wp:featuredmedia":[{"embeddable":true,"href":"https:\/\/urielcavzla.com\/index.php\/wp-json\/wp\/v2\/media\/1878"}],"wp:attachment":[{"href":"https:\/\/urielcavzla.com\/index.php\/wp-json\/wp\/v2\/media?parent=1250"}],"wp:term":[{"taxonomy":"product_brand","embeddable":true,"href":"https:\/\/urielcavzla.com\/index.php\/wp-json\/wp\/v2\/product_brand?post=1250"},{"taxonomy":"product_cat","embeddable":true,"href":"https:\/\/urielcavzla.com\/index.php\/wp-json\/wp\/v2\/product_cat?post=1250"},{"taxonomy":"product_tag","embeddable":true,"href":"https:\/\/urielcavzla.com\/index.php\/wp-json\/wp\/v2\/product_tag?post=1250"}],"curies":[{"name":"wp","href":"https:\/\/api.w.org\/{rel}","templated":true}]}}